{"id":198,"date":"2017-02-28T09:27:12","date_gmt":"2017-02-28T08:27:12","guid":{"rendered":"http:\/\/www.volkerts.eu\/focusonmassage.nl\/?page_id=198"},"modified":"2020-07-31T13:06:53","modified_gmt":"2020-07-31T11:06:53","slug":"cupping-schropfen","status":"publish","type":"page","link":"http:\/\/www.focusonmassage.nl\/index.php\/cupping-schropfen\/","title":{"rendered":"Cupping\/Schr\u00f6pfen"},"content":{"rendered":"<p>Het Schr\u00f6pfen is een oeroude methode van ontgiften, die 4500 jaar geleden al gebruikt werd in Mesopotami\u00eb, maar dan niet met het glaasje, maar met horens van dieren. Er wordt een glaasje onder \u201cdruk\u201d (lees vacu\u00fcm) op de huid gezet of als massagevorm gebruikt om te ontgiften, blokkades of pijn op te lossen. Het is een milde vorm van bindweefselmassage.<br \/>\nDeze massage is goed in te zetten bij rug- en schouderklachten, hoofdpijn, pijnlijke menstruatie, maag- en darmklachten, zwakke spijsvertering, chronische verkoudheid en astma, hoest en beginnende griep.<\/p>\n<p>Weten wat cupping kost? Klik <a href=\"http:\/\/www.focusonmassage.nl\/?page_id=222\">hier<\/a> voor de huidige tarieven.<\/p>\n","protected":false},"excerpt":{"rendered":"<p>Het Schr\u00f6pfen is een oeroude methode van ontgiften, die 4500 jaar geleden al gebruikt werd in Mesopotami\u00eb, maar dan niet&hellip;<\/p>\n","protected":false},"author":1,"featured_media":41,"parent":0,"menu_order":0,"comment_status":"closed","ping_status":"closed","template":"","meta":{"footnotes":""},"class_list":["post-198","page","type-page","status-publish","has-post-thumbnail","hentry"],"yoast_head":"<!-- This site is optimized with the Yoast SEO plugin v27.3 - https:\/\/yoast.com\/product\/yoast-seo-wordpress\/ -->\n<title>Cupping\/Schr\u00f6pfen - FOCUS on Massage<\/title>\n<meta name=\"robots\" content=\"index, follow, max-snippet:-1, max-image-preview:large, max-video-preview:-1\" \/>\n<link rel=\"canonical\" href=\"http:\/\/www.focusonmassage.nl\/index.php\/cupping-schropfen\/\" \/>\n<meta property=\"og:locale\" content=\"nl_NL\" \/>\n<meta property=\"og:type\" content=\"article\" \/>\n<meta property=\"og:title\" content=\"Cupping\/Schr\u00f6pfen - FOCUS on Massage\" \/>\n<meta property=\"og:description\" content=\"Het Schr\u00f6pfen is een oeroude methode van ontgiften, die 4500 jaar geleden al gebruikt werd in Mesopotami\u00eb, maar dan niet&hellip;\" \/>\n<meta property=\"og:url\" content=\"http:\/\/www.focusonmassage.nl\/index.php\/cupping-schropfen\/\" \/>\n<meta property=\"og:site_name\" content=\"FOCUS on Massage\" \/>\n<meta property=\"article:modified_time\" content=\"2020-07-31T11:06:53+00:00\" \/>\n<meta property=\"og:image\" content=\"http:\/\/www.focusonmassage.nl\/wp-content\/uploads\/2017\/02\/IMG-20170221-WA0003.jpg\" \/>\n\t<meta property=\"og:image:width\" content=\"1600\" \/>\n\t<meta property=\"og:image:height\" content=\"898\" \/>\n\t<meta property=\"og:image:type\" content=\"image\/jpeg\" \/>\n<meta name=\"twitter:card\" content=\"summary_large_image\" \/>\n<script type=\"application\/ld+json\" class=\"yoast-schema-graph\">{\"@context\":\"https:\\\/\\\/schema.org\",\"@graph\":[{\"@type\":\"WebPage\",\"@id\":\"http:\\\/\\\/www.focusonmassage.nl\\\/index.php\\\/cupping-schropfen\\\/\",\"url\":\"http:\\\/\\\/www.focusonmassage.nl\\\/index.php\\\/cupping-schropfen\\\/\",\"name\":\"Cupping\\\/Schr\u00f6pfen - FOCUS on Massage\",\"isPartOf\":{\"@id\":\"http:\\\/\\\/www.focusonmassage.nl\\\/#website\"},\"primaryImageOfPage\":{\"@id\":\"http:\\\/\\\/www.focusonmassage.nl\\\/index.php\\\/cupping-schropfen\\\/#primaryimage\"},\"image\":{\"@id\":\"http:\\\/\\\/www.focusonmassage.nl\\\/index.php\\\/cupping-schropfen\\\/#primaryimage\"},\"thumbnailUrl\":\"http:\\\/\\\/www.focusonmassage.nl\\\/wp-content\\\/uploads\\\/2017\\\/02\\\/IMG-20170221-WA0003.jpg\",\"datePublished\":\"2017-02-28T08:27:12+00:00\",\"dateModified\":\"2020-07-31T11:06:53+00:00\",\"breadcrumb\":{\"@id\":\"http:\\\/\\\/www.focusonmassage.nl\\\/index.php\\\/cupping-schropfen\\\/#breadcrumb\"},\"inLanguage\":\"nl-NL\",\"potentialAction\":[{\"@type\":\"ReadAction\",\"target\":[\"http:\\\/\\\/www.focusonmassage.nl\\\/index.php\\\/cupping-schropfen\\\/\"]}]},{\"@type\":\"ImageObject\",\"inLanguage\":\"nl-NL\",\"@id\":\"http:\\\/\\\/www.focusonmassage.nl\\\/index.php\\\/cupping-schropfen\\\/#primaryimage\",\"url\":\"http:\\\/\\\/www.focusonmassage.nl\\\/wp-content\\\/uploads\\\/2017\\\/02\\\/IMG-20170221-WA0003.jpg\",\"contentUrl\":\"http:\\\/\\\/www.focusonmassage.nl\\\/wp-content\\\/uploads\\\/2017\\\/02\\\/IMG-20170221-WA0003.jpg\",\"width\":1600,\"height\":898,\"caption\":\"Cupping\"},{\"@type\":\"BreadcrumbList\",\"@id\":\"http:\\\/\\\/www.focusonmassage.nl\\\/index.php\\\/cupping-schropfen\\\/#breadcrumb\",\"itemListElement\":[{\"@type\":\"ListItem\",\"position\":1,\"name\":\"Home\",\"item\":\"http:\\\/\\\/www.focusonmassage.nl\\\/\"},{\"@type\":\"ListItem\",\"position\":2,\"name\":\"Cupping\\\/Schr\u00f6pfen\"}]},{\"@type\":\"WebSite\",\"@id\":\"http:\\\/\\\/www.focusonmassage.nl\\\/#website\",\"url\":\"http:\\\/\\\/www.focusonmassage.nl\\\/\",\"name\":\"FOCUS on Massage\",\"description\":\"\",\"potentialAction\":[{\"@type\":\"SearchAction\",\"target\":{\"@type\":\"EntryPoint\",\"urlTemplate\":\"http:\\\/\\\/www.focusonmassage.nl\\\/?s={search_term_string}\"},\"query-input\":{\"@type\":\"PropertyValueSpecification\",\"valueRequired\":true,\"valueName\":\"search_term_string\"}}],\"inLanguage\":\"nl-NL\"}]}<\/script>\n<!-- \/ Yoast SEO plugin. -->","yoast_head_json":{"title":"Cupping\/Schr\u00f6pfen - FOCUS on Massage","robots":{"index":"index","follow":"follow","max-snippet":"max-snippet:-1","max-image-preview":"max-image-preview:large","max-video-preview":"max-video-preview:-1"},"canonical":"http:\/\/www.focusonmassage.nl\/index.php\/cupping-schropfen\/","og_locale":"nl_NL","og_type":"article","og_title":"Cupping\/Schr\u00f6pfen - FOCUS on Massage","og_description":"Het Schr\u00f6pfen is een oeroude methode van ontgiften, die 4500 jaar geleden al gebruikt werd in Mesopotami\u00eb, maar dan niet&hellip;","og_url":"http:\/\/www.focusonmassage.nl\/index.php\/cupping-schropfen\/","og_site_name":"FOCUS on Massage","article_modified_time":"2020-07-31T11:06:53+00:00","og_image":[{"width":1600,"height":898,"url":"http:\/\/www.focusonmassage.nl\/wp-content\/uploads\/2017\/02\/IMG-20170221-WA0003.jpg","type":"image\/jpeg"}],"twitter_card":"summary_large_image","schema":{"@context":"https:\/\/schema.org","@graph":[{"@type":"WebPage","@id":"http:\/\/www.focusonmassage.nl\/index.php\/cupping-schropfen\/","url":"http:\/\/www.focusonmassage.nl\/index.php\/cupping-schropfen\/","name":"Cupping\/Schr\u00f6pfen - FOCUS on Massage","isPartOf":{"@id":"http:\/\/www.focusonmassage.nl\/#website"},"primaryImageOfPage":{"@id":"http:\/\/www.focusonmassage.nl\/index.php\/cupping-schropfen\/#primaryimage"},"image":{"@id":"http:\/\/www.focusonmassage.nl\/index.php\/cupping-schropfen\/#primaryimage"},"thumbnailUrl":"http:\/\/www.focusonmassage.nl\/wp-content\/uploads\/2017\/02\/IMG-20170221-WA0003.jpg","datePublished":"2017-02-28T08:27:12+00:00","dateModified":"2020-07-31T11:06:53+00:00","breadcrumb":{"@id":"http:\/\/www.focusonmassage.nl\/index.php\/cupping-schropfen\/#breadcrumb"},"inLanguage":"nl-NL","potentialAction":[{"@type":"ReadAction","target":["http:\/\/www.focusonmassage.nl\/index.php\/cupping-schropfen\/"]}]},{"@type":"ImageObject","inLanguage":"nl-NL","@id":"http:\/\/www.focusonmassage.nl\/index.php\/cupping-schropfen\/#primaryimage","url":"http:\/\/www.focusonmassage.nl\/wp-content\/uploads\/2017\/02\/IMG-20170221-WA0003.jpg","contentUrl":"http:\/\/www.focusonmassage.nl\/wp-content\/uploads\/2017\/02\/IMG-20170221-WA0003.jpg","width":1600,"height":898,"caption":"Cupping"},{"@type":"BreadcrumbList","@id":"http:\/\/www.focusonmassage.nl\/index.php\/cupping-schropfen\/#breadcrumb","itemListElement":[{"@type":"ListItem","position":1,"name":"Home","item":"http:\/\/www.focusonmassage.nl\/"},{"@type":"ListItem","position":2,"name":"Cupping\/Schr\u00f6pfen"}]},{"@type":"WebSite","@id":"http:\/\/www.focusonmassage.nl\/#website","url":"http:\/\/www.focusonmassage.nl\/","name":"FOCUS on Massage","description":"","potentialAction":[{"@type":"SearchAction","target":{"@type":"EntryPoint","urlTemplate":"http:\/\/www.focusonmassage.nl\/?s={search_term_string}"},"query-input":{"@type":"PropertyValueSpecification","valueRequired":true,"valueName":"search_term_string"}}],"inLanguage":"nl-NL"}]}},"_links":{"self":[{"href":"http:\/\/www.focusonmassage.nl\/index.php\/wp-json\/wp\/v2\/pages\/198","targetHints":{"allow":["GET"]}}],"collection":[{"href":"http:\/\/www.focusonmassage.nl\/index.php\/wp-json\/wp\/v2\/pages"}],"about":[{"href":"http:\/\/www.focusonmassage.nl\/index.php\/wp-json\/wp\/v2\/types\/page"}],"author":[{"embeddable":true,"href":"http:\/\/www.focusonmassage.nl\/index.php\/wp-json\/wp\/v2\/users\/1"}],"replies":[{"embeddable":true,"href":"http:\/\/www.focusonmassage.nl\/index.php\/wp-json\/wp\/v2\/comments?post=198"}],"version-history":[{"count":1,"href":"http:\/\/www.focusonmassage.nl\/index.php\/wp-json\/wp\/v2\/pages\/198\/revisions"}],"predecessor-version":[{"id":311,"href":"http:\/\/www.focusonmassage.nl\/index.php\/wp-json\/wp\/v2\/pages\/198\/revisions\/311"}],"wp:featuredmedia":[{"embeddable":true,"href":"http:\/\/www.focusonmassage.nl\/index.php\/wp-json\/wp\/v2\/media\/41"}],"wp:attachment":[{"href":"http:\/\/www.focusonmassage.nl\/index.php\/wp-json\/wp\/v2\/media?parent=198"}],"curies":[{"name":"wp","href":"https:\/\/api.w.org\/{rel}","templated":true}]}}